{"id":4722,"date":"2022-06-09T09:56:39","date_gmt":"2022-06-09T00:56:39","guid":{"rendered":"http:\/\/kohyoung2022.cafe24.com\/?page_id=4722"},"modified":"2026-04-13T11:13:19","modified_gmt":"2026-04-13T02:13:19","slug":"privacy-policy","status":"publish","type":"page","link":"https:\/\/kohyoung.com\/ge\/privacy-policy\/","title":{"rendered":"privacy policy"},"content":{"rendered":"\t\t<div data-elementor-type=\"wp-page\" data-elementor-id=\"4722\" class=\"elementor elementor-4722\" data-elementor-post-type=\"page\">\n\t\t\t\t\t\t<section class=\"elementor-section elementor-top-section elementor-element elementor-element-0055b1c elementor-section-full_width elementor-section-height-min-height elementor-section-height-default elementor-section-items-middle\" data-id=\"0055b1c\" data-element_type=\"section\" data-settings=\"{&quot;background_background&quot;:&quot;classic&quot;}\">\n\t\t\t\t\t\t<div class=\"elementor-container elementor-column-gap-default\">\n\t\t\t\t\t<div class=\"elementor-column elementor-col-100 elementor-top-column elementor-element elementor-element-53f32c3\" data-id=\"53f32c3\" data-element_type=\"column\">\n\t\t\t<div class=\"elementor-widget-wrap elementor-element-populated\">\n\t\t\t\t\t\t<div class=\"elementor-element elementor-element-e1e70f6 elementor-widget elementor-widget-text-editor\" data-id=\"e1e70f6\" data-element_type=\"widget\" data-widget_type=\"text-editor.default\">\n\t\t\t\t<div class=\"elementor-widget-container\">\n\t\t\t\t\t\t\t<p><strong>Datenschutzrichtlinien<\/strong><\/p>\t\t\t\t\t\t<\/div>\n\t\t\t\t<\/div>\n\t\t\t\t\t<\/div>\n\t\t<\/div>\n\t\t\t\t\t<\/div>\n\t\t<\/section>\n\t\t\t\t<section class=\"elementor-section elementor-top-section elementor-element elementor-element-811be46 elementor-section-boxed elementor-section-height-default elementor-section-height-default\" data-id=\"811be46\" data-element_type=\"section\">\n\t\t\t\t\t\t<div class=\"elementor-container elementor-column-gap-default\">\n\t\t\t\t\t<div class=\"elementor-column elementor-col-100 elementor-top-column elementor-element elementor-element-e1b1c0d\" data-id=\"e1b1c0d\" data-element_type=\"column\">\n\t\t\t<div class=\"elementor-widget-wrap elementor-element-populated\">\n\t\t\t\t\t\t<div class=\"elementor-element elementor-element-f066432 elementor-widget elementor-widget-spacer\" data-id=\"f066432\" data-element_type=\"widget\" data-widget_type=\"spacer.default\">\n\t\t\t\t<div class=\"elementor-widget-container\">\n\t\t\t\t\t<div class=\"elementor-spacer\">\n\t\t\t<div class=\"elementor-spacer-inner\"><\/div>\n\t\t<\/div>\n\t\t\t\t<\/div>\n\t\t\t\t<\/div>\n\t\t\t\t\t<\/div>\n\t\t<\/div>\n\t\t\t\t\t<\/div>\n\t\t<\/section>\n\t\t\t\t<section class=\"elementor-section elementor-top-section elementor-element elementor-element-38b15f74 elementor-section-boxed elementor-section-height-default elementor-section-height-default\" data-id=\"38b15f74\" data-element_type=\"section\">\n\t\t\t\t\t\t<div class=\"elementor-container elementor-column-gap-default\">\n\t\t\t\t\t<div class=\"elementor-column elementor-col-100 elementor-top-column elementor-element elementor-element-267dc42\" data-id=\"267dc42\" data-element_type=\"column\">\n\t\t\t<div class=\"elementor-widget-wrap elementor-element-populated\">\n\t\t\t\t\t\t<div class=\"elementor-element elementor-element-4b3bbf64 elementor-widget elementor-widget-text-editor\" data-id=\"4b3bbf64\" data-element_type=\"widget\" data-widget_type=\"text-editor.default\">\n\t\t\t\t<div class=\"elementor-widget-container\">\n\t\t\t\t\t\t\t<p>Koh Young Technology verpflichtet sich, die Datenschutzgesetze der Republik Korea sowie geltende lokale Datenschutzvorschriften einzuhalten und die Rechte und die Privatsph\u00e4re von Einzelpersonen zu sch\u00fctzen. Weitere Informationen finden Sie unter dem folgenden <a href=\"https:\/\/kohyoung.com\/kr\/\uac1c\uc778\uc815\ubcf4\ucc98\ub9ac\ubc29\uce68_2026\/\"><strong>Datenschutzerkl\u00e4rung\u2011Link (Koreanisch)<\/strong><\/a>.<\/p>\t\t\t\t\t\t<\/div>\n\t\t\t\t<\/div>\n\t\t\t\t\t<\/div>\n\t\t<\/div>\n\t\t\t\t\t<\/div>\n\t\t<\/section>\n\t\t\t\t<section class=\"elementor-section elementor-top-section elementor-element elementor-element-edfaf18 elementor-section-boxed elementor-section-height-default elementor-section-height-default\" data-id=\"edfaf18\" data-element_type=\"section\">\n\t\t\t\t\t\t<div class=\"elementor-container elementor-column-gap-default\">\n\t\t\t\t\t<div class=\"elementor-column elementor-col-100 elementor-top-column elementor-element elementor-element-00befae\" data-id=\"00befae\" data-element_type=\"column\">\n\t\t\t<div class=\"elementor-widget-wrap elementor-element-populated\">\n\t\t\t\t\t\t<div class=\"elementor-element elementor-element-983ee4e elementor-widget elementor-widget-spacer\" data-id=\"983ee4e\" data-element_type=\"widget\" data-widget_type=\"spacer.default\">\n\t\t\t\t<div class=\"elementor-widget-container\">\n\t\t\t\t\t<div class=\"elementor-spacer\">\n\t\t\t<div class=\"elementor-spacer-inner\"><\/div>\n\t\t<\/div>\n\t\t\t\t<\/div>\n\t\t\t\t<\/div>\n\t\t\t\t\t<\/div>\n\t\t<\/div>\n\t\t\t\t\t<\/div>\n\t\t<\/section>\n\t\t\t\t<\/div>\n\t\t","protected":false},"excerpt":{"rendered":"<p>Datenschutzrichtlinien Koh Young Technology verpflichtet sich, die Datenschutzgesetze der Republik Korea sowie geltende lokale Datenschutzvorschriften einzuhalten und die Rechte und die Privatsph\u00e4re von Einzelpersonen zu sch\u00fctzen. Weitere Informationen finden Sie unter dem folgenden Datenschutzerkl\u00e4rung\u2011Link (Koreanisch).<\/p>\n","protected":false},"author":1,"featured_media":0,"parent":0,"menu_order":0,"comment_status":"closed","ping_status":"closed","template":"","meta":{"footnotes":"","_links_to":"","_links_to_target":""},"class_list":["post-4722","page","type-page","status-publish","hentry"],"_links":{"self":[{"href":"https:\/\/kohyoung.com\/ge\/wp-json\/wp\/v2\/pages\/4722","targetHints":{"allow":["GET"]}}],"collection":[{"href":"https:\/\/kohyoung.com\/ge\/wp-json\/wp\/v2\/pages"}],"about":[{"href":"https:\/\/kohyoung.com\/ge\/wp-json\/wp\/v2\/types\/page"}],"author":[{"embeddable":true,"href":"https:\/\/kohyoung.com\/ge\/wp-json\/wp\/v2\/users\/1"}],"replies":[{"embeddable":true,"href":"https:\/\/kohyoung.com\/ge\/wp-json\/wp\/v2\/comments?post=4722"}],"version-history":[{"count":9,"href":"https:\/\/kohyoung.com\/ge\/wp-json\/wp\/v2\/pages\/4722\/revisions"}],"predecessor-version":[{"id":17554,"href":"https:\/\/kohyoung.com\/ge\/wp-json\/wp\/v2\/pages\/4722\/revisions\/17554"}],"wp:attachment":[{"href":"https:\/\/kohyoung.com\/ge\/wp-json\/wp\/v2\/media?parent=4722"}],"curies":[{"name":"wp","href":"https:\/\/api.w.org\/{rel}","templated":true}]}}