{"id":1748,"date":"2022-05-10T12:35:14","date_gmt":"2022-05-10T03:35:14","guid":{"rendered":"http:\/\/kohyoung2022.cafe24.com\/?page_id=1748"},"modified":"2024-03-12T21:48:54","modified_gmt":"2024-03-12T12:48:54","slug":"smart-factory-solutions","status":"publish","type":"page","link":"https:\/\/kohyoung.com\/ge\/smart-factory-solutions\/","title":{"rendered":"Smart Factory-L\u00f6sungen"},"content":{"rendered":"\t\t<div data-elementor-type=\"wp-page\" data-elementor-id=\"1748\" class=\"elementor elementor-1748\" data-elementor-post-type=\"page\">\n\t\t\t\t\t\t<section class=\"elementor-section elementor-top-section elementor-element elementor-element-87bd179 elementor-section-full_width elementor-section-height-min-height elementor-section-height-default elementor-section-items-middle\" data-id=\"87bd179\" data-element_type=\"section\" data-settings=\"{&quot;background_background&quot;:&quot;classic&quot;}\">\n\t\t\t\t\t\t\t<div class=\"elementor-background-overlay\"><\/div>\n\t\t\t\t\t\t\t<div class=\"elementor-container elementor-column-gap-no\">\n\t\t\t\t\t<div class=\"elementor-column elementor-col-100 elementor-top-column elementor-element elementor-element-e960796\" data-id=\"e960796\" data-element_type=\"column\">\n\t\t\t<div class=\"elementor-widget-wrap elementor-element-populated\">\n\t\t\t\t\t\t<div class=\"elementor-element elementor-element-35d1a0b elementor-widget elementor-widget-text-editor\" data-id=\"35d1a0b\" data-element_type=\"widget\" data-widget_type=\"text-editor.default\">\n\t\t\t\t<div class=\"elementor-widget-container\">\n\t\t\t\t\t\t\t<p class=\"p1\">L\u00f6sungen<\/p>\t\t\t\t\t\t<\/div>\n\t\t\t\t<\/div>\n\t\t\t\t<div class=\"elementor-element elementor-element-5004431 elementor-widget__width-inherit elementor-widget elementor-widget-text-editor\" data-id=\"5004431\" data-element_type=\"widget\" data-widget_type=\"text-editor.default\">\n\t\t\t\t<div class=\"elementor-widget-container\">\n\t\t\t\t\t\t\t<div class=\"page\" title=\"Page 41\"><div class=\"section\"><div class=\"layoutArea\"><div class=\"column\"><p>Entdecken Sie True 3D-Inspektion und Smart Factory-L\u00f6sungen, die Koh Youngs neueste Technologie widerspiegeln.<\/p><\/div><\/div><\/div><\/div>\t\t\t\t\t\t<\/div>\n\t\t\t\t<\/div>\n\t\t\t\t\t<\/div>\n\t\t<\/div>\n\t\t\t\t\t<\/div>\n\t\t<\/section>\n\t\t\t\t<section class=\"elementor-section elementor-top-section elementor-element elementor-element-d0079f3 elementor-section-boxed elementor-section-height-default elementor-section-height-default\" data-id=\"d0079f3\" data-element_type=\"section\">\n\t\t\t\t\t\t<div class=\"elementor-container elementor-column-gap-default\">\n\t\t\t\t\t<div class=\"elementor-column elementor-col-100 elementor-top-column elementor-element elementor-element-80cfbe6\" data-id=\"80cfbe6\" data-element_type=\"column\">\n\t\t\t<div class=\"elementor-widget-wrap elementor-element-populated\">\n\t\t\t\t\t\t<div class=\"elementor-element elementor-element-c638ab2 elementor-widget elementor-widget-spacer\" data-id=\"c638ab2\" data-element_type=\"widget\" data-widget_type=\"spacer.default\">\n\t\t\t\t<div class=\"elementor-widget-container\">\n\t\t\t\t\t<div class=\"elementor-spacer\">\n\t\t\t<div class=\"elementor-spacer-inner\"><\/div>\n\t\t<\/div>\n\t\t\t\t<\/div>\n\t\t\t\t<\/div>\n\t\t\t\t\t<\/div>\n\t\t<\/div>\n\t\t\t\t\t<\/div>\n\t\t<\/section>\n\t\t\t\t<section class=\"elementor-section elementor-top-section elementor-element elementor-element-5839893 elementor-section-boxed elementor-section-height-default elementor-section-height-default\" data-id=\"5839893\" data-element_type=\"section\">\n\t\t\t\t\t\t<div class=\"elementor-container elementor-column-gap-default\">\n\t\t\t\t\t<div class=\"elementor-column elementor-col-100 elementor-top-column elementor-element elementor-element-cd3f096\" data-id=\"cd3f096\" data-element_type=\"column\">\n\t\t\t<div class=\"elementor-widget-wrap elementor-element-populated\">\n\t\t\t\t\t\t<div class=\"elementor-element elementor-element-5a55879 elementor-widget elementor-widget-heading\" data-id=\"5a55879\" data-element_type=\"widget\" data-widget_type=\"heading.default\">\n\t\t\t\t<div class=\"elementor-widget-container\">\n\t\t\t<h2 class=\"elementor-heading-title elementor-size-default\">Smart Factory L\u00f6sungen<\/h2>\t\t<\/div>\n\t\t\t\t<\/div>\n\t\t\t\t<div class=\"elementor-element elementor-element-4adf682 elementor-widget elementor-widget-text-editor\" data-id=\"4adf682\" data-element_type=\"widget\" data-widget_type=\"text-editor.default\">\n\t\t\t\t<div class=\"elementor-widget-container\">\n\t\t\t\t\t\t\t<div class=\"page\" title=\"Page 44\"><div class=\"section\"><div class=\"layoutArea\"><div class=\"column\"><div class=\"page\" title=\"Page 49\"><div class=\"section\"><div class=\"layoutArea\"><div class=\"column\"><p>Die True Smart Factory L\u00f6sungen, KI-gest\u00fctzt f\u00fcr automatisierte Prozesskontrolle und Prozessoptimierung<\/p><p>Auf der Basis der True 3D-Messdaten seiner Inspektionssysteme bietet Koh Young KSMART-L\u00f6sungen f\u00fcr die automatische Prozesssteuerung an, bei denen Datenmanagement, Analyse und Optimierung f\u00fcr Produktivit\u00e4tssteigerung, Qualit\u00e4tsverbesserung und Kostenminimierung im Fokus stehen, w\u00e4hrend die Koh Young Process Optimizer (KPO) L\u00f6sungen den Pastendruck und Best\u00fcckungsprozess automatisch in Echtzeit optimieren.<\/p><\/div><\/div><\/div><\/div><\/div><\/div><\/div><\/div>\t\t\t\t\t\t<\/div>\n\t\t\t\t<\/div>\n\t\t\t\t\t<\/div>\n\t\t<\/div>\n\t\t\t\t\t<\/div>\n\t\t<\/section>\n\t\t\t\t<section class=\"elementor-section elementor-top-section elementor-element elementor-element-d82989c elementor-section-boxed elementor-section-height-default elementor-section-height-default\" data-id=\"d82989c\" data-element_type=\"section\">\n\t\t\t\t\t\t<div class=\"elementor-container elementor-column-gap-default\">\n\t\t\t\t\t<div class=\"elementor-column elementor-col-100 elementor-top-column elementor-element elementor-element-9de58ab\" data-id=\"9de58ab\" data-element_type=\"column\">\n\t\t\t<div class=\"elementor-widget-wrap elementor-element-populated\">\n\t\t\t\t\t\t<div class=\"elementor-element elementor-element-83223f8 elementor-grid-4 elementor-posts--align-left elementor-grid-tablet-2 elementor-grid-mobile-1 elementor-posts--thumbnail-top elementor-posts__hover-gradient elementor-widget elementor-widget-posts\" data-id=\"83223f8\" data-element_type=\"widget\" data-settings=\"{&quot;cards_columns&quot;:&quot;4&quot;,&quot;cards_columns_tablet&quot;:&quot;2&quot;,&quot;cards_columns_mobile&quot;:&quot;1&quot;,&quot;cards_row_gap&quot;:{&quot;unit&quot;:&quot;px&quot;,&quot;size&quot;:35,&quot;sizes&quot;:[]},&quot;cards_row_gap_tablet&quot;:{&quot;unit&quot;:&quot;px&quot;,&quot;size&quot;:&quot;&quot;,&quot;sizes&quot;:[]},&quot;cards_row_gap_mobile&quot;:{&quot;unit&quot;:&quot;px&quot;,&quot;size&quot;:&quot;&quot;,&quot;sizes&quot;:[]}}\" data-widget_type=\"posts.cards\">\n\t\t\t\t<div class=\"elementor-widget-container\">\n\t\t\t\t\t<div class=\"elementor-posts-container elementor-posts elementor-posts--skin-cards elementor-grid\">\n\t\t\t\t<article class=\"elementor-post elementor-grid-item post-3557 post type-post status-publish format-standard has-post-thumbnail hentry category-smart-factory-losungen\">\n\t\t\t<div class=\"elementor-post__card\">\n\t\t\t\t<a class=\"elementor-post__thumbnail__link\" href=\"https:\/\/kohyoung.com\/ge\/ksmart-solutions\/\" tabindex=\"-1\" ><div class=\"elementor-post__thumbnail\"><img decoding=\"async\" width=\"1\" height=\"1\" src=\"https:\/\/d19m5rauv1cd5h.cloudfront.net\/wp-content\/uploads\/2022\/05\/05171806\/KSMART-Concept_Simple-768x902.jpg\" class=\"attachment-medium_large size-medium_large wp-image-11878\" alt=\"\" \/><\/div><\/a>\n\t\t\t\t<div class=\"elementor-post__text\">\n\t\t\t\t<h3 class=\"elementor-post__title\">\n\t\t\t<a href=\"https:\/\/kohyoung.com\/ge\/ksmart-solutions\/\" >\n\t\t\t\tKSMART L\u00f6sungen\t\t\t<\/a>\n\t\t<\/h3>\n\t\t\t\t<div class=\"elementor-post__excerpt\">\n\t\t\t<p>Prozesssteuerung auf Basis von True 3D-Messsystem <\/p>\n\t\t<\/div>\n\t\t\t\t\t<div class=\"elementor-post__read-more-wrapper\">\n\t\t\n\t\t<a class=\"elementor-post__read-more\" href=\"https:\/\/kohyoung.com\/ge\/ksmart-solutions\/\" aria-label=\"Read more about KSMART L\u00f6sungen\" tabindex=\"-1\" >\n\t\t\tRead More \u00bb\t\t<\/a>\n\n\t\t\t\t\t<\/div>\n\t\t\t\t<\/div>\n\t\t\t\t\t<\/div>\n\t\t<\/article>\n\t\t\t\t<article class=\"elementor-post elementor-grid-item post-3563 post type-post status-publish format-standard has-post-thumbnail hentry category-smart-factory-losungen\">\n\t\t\t<div class=\"elementor-post__card\">\n\t\t\t\t<a class=\"elementor-post__thumbnail__link\" href=\"https:\/\/kohyoung.com\/ge\/koh-young-process-optimizer-kpo-printer\/\" tabindex=\"-1\" ><div class=\"elementor-post__thumbnail\"><img decoding=\"async\" width=\"1\" height=\"1\" src=\"https:\/\/d19m5rauv1cd5h.cloudfront.net\/wp-content\/uploads\/2022\/05\/15122341\/KPO-Printer-%E1%84%87%E1%85%A9%E1%86%A8%E1%84%89%E1%85%A13-768x659.jpg\" class=\"attachment-medium_large size-medium_large wp-image-13612\" alt=\"\" \/><\/div><\/a>\n\t\t\t\t<div class=\"elementor-post__text\">\n\t\t\t\t<h3 class=\"elementor-post__title\">\n\t\t\t<a href=\"https:\/\/kohyoung.com\/ge\/koh-young-process-optimizer-kpo-printer\/\" >\n\t\t\t\tKPO Printer\t\t\t<\/a>\n\t\t<\/h3>\n\t\t\t\t<div class=\"elementor-post__excerpt\">\n\t\t\t<p>Bahnbrechendes KI-basiertes System zur automatischen Druckprozess-Optimierung<\/p>\n\t\t<\/div>\n\t\t\t\t\t<div class=\"elementor-post__read-more-wrapper\">\n\t\t\n\t\t<a class=\"elementor-post__read-more\" href=\"https:\/\/kohyoung.com\/ge\/koh-young-process-optimizer-kpo-printer\/\" aria-label=\"Read more about KPO Printer\" tabindex=\"-1\" >\n\t\t\tRead More \u00bb\t\t<\/a>\n\n\t\t\t\t\t<\/div>\n\t\t\t\t<\/div>\n\t\t\t\t\t<\/div>\n\t\t<\/article>\n\t\t\t\t<article class=\"elementor-post elementor-grid-item post-3572 post type-post status-publish format-standard has-post-thumbnail hentry category-smart-factory-losungen\">\n\t\t\t<div class=\"elementor-post__card\">\n\t\t\t\t<a class=\"elementor-post__thumbnail__link\" href=\"https:\/\/kohyoung.com\/ge\/koh-young-process-optimizer-kpo-mounter\/\" tabindex=\"-1\" ><div class=\"elementor-post__thumbnail\"><img decoding=\"async\" width=\"1\" height=\"1\" src=\"https:\/\/d19m5rauv1cd5h.cloudfront.net\/wp-content\/uploads\/2022\/05\/15122350\/KPO-Mounter-%E1%84%87%E1%85%A9%E1%86%A8%E1%84%89%E1%85%A13-768x659.jpg\" class=\"attachment-medium_large size-medium_large wp-image-13616\" alt=\"\" \/><\/div><\/a>\n\t\t\t\t<div class=\"elementor-post__text\">\n\t\t\t\t<h3 class=\"elementor-post__title\">\n\t\t\t<a href=\"https:\/\/kohyoung.com\/ge\/koh-young-process-optimizer-kpo-mounter\/\" >\n\t\t\t\tKPO Mounter\t\t\t<\/a>\n\t\t<\/h3>\n\t\t\t\t<div class=\"elementor-post__excerpt\">\n\t\t\t<p>Revolution\u00e4rer AI-basierter automatischer Montageprozess-Optimierer<\/p>\n\t\t<\/div>\n\t\t\t\t\t<div class=\"elementor-post__read-more-wrapper\">\n\t\t\n\t\t<a class=\"elementor-post__read-more\" href=\"https:\/\/kohyoung.com\/ge\/koh-young-process-optimizer-kpo-mounter\/\" aria-label=\"Read more about KPO Mounter\" tabindex=\"-1\" >\n\t\t\tRead More \u00bb\t\t<\/a>\n\n\t\t\t\t\t<\/div>\n\t\t\t\t<\/div>\n\t\t\t\t\t<\/div>\n\t\t<\/article>\n\t\t\t\t<\/div>\n\t\t\n\t\t\t\t<\/div>\n\t\t\t\t<\/div>\n\t\t\t\t\t<\/div>\n\t\t<\/div>\n\t\t\t\t\t<\/div>\n\t\t<\/section>\n\t\t\t\t<section class=\"elementor-section elementor-top-section elementor-element elementor-element-6defd3a elementor-section-boxed elementor-section-height-default elementor-section-height-default\" data-id=\"6defd3a\" data-element_type=\"section\">\n\t\t\t\t\t\t<div class=\"elementor-container elementor-column-gap-default\">\n\t\t\t\t\t<div class=\"elementor-column elementor-col-100 elementor-top-column elementor-element elementor-element-ffe119d\" data-id=\"ffe119d\" data-element_type=\"column\">\n\t\t\t<div class=\"elementor-widget-wrap elementor-element-populated\">\n\t\t\t\t\t\t<div class=\"elementor-element elementor-element-405255a elementor-widget elementor-widget-spacer\" data-id=\"405255a\" data-element_type=\"widget\" data-widget_type=\"spacer.default\">\n\t\t\t\t<div class=\"elementor-widget-container\">\n\t\t\t\t\t<div class=\"elementor-spacer\">\n\t\t\t<div class=\"elementor-spacer-inner\"><\/div>\n\t\t<\/div>\n\t\t\t\t<\/div>\n\t\t\t\t<\/div>\n\t\t\t\t\t<\/div>\n\t\t<\/div>\n\t\t\t\t\t<\/div>\n\t\t<\/section>\n\t\t\t\t<\/div>\n\t\t","protected":false},"excerpt":{"rendered":"<p>L\u00f6sungen Entdecken Sie True 3D-Inspektion und Smart Factory-L\u00f6sungen, die Koh Youngs neueste Technologie widerspiegeln. Smart Factory L\u00f6sungen Die True Smart Factory L\u00f6sungen, KI-gest\u00fctzt f\u00fcr automatisierte Prozesskontrolle und Prozessoptimierung Auf der Basis der True 3D-Messdaten seiner Inspektionssysteme bietet Koh Young KSMART-L\u00f6sungen f\u00fcr die automatische Prozesssteuerung an, bei denen Datenmanagement, Analyse und Optimierung f\u00fcr Produktivit\u00e4tssteigerung, Qualit\u00e4tsverbesserung und [&hellip;]<\/p>\n","protected":false},"author":1,"featured_media":0,"parent":0,"menu_order":0,"comment_status":"closed","ping_status":"closed","template":"","meta":{"footnotes":"","_links_to":"","_links_to_target":""},"class_list":["post-1748","page","type-page","status-publish","hentry"],"_links":{"self":[{"href":"https:\/\/kohyoung.com\/ge\/wp-json\/wp\/v2\/pages\/1748","targetHints":{"allow":["GET"]}}],"collection":[{"href":"https:\/\/kohyoung.com\/ge\/wp-json\/wp\/v2\/pages"}],"about":[{"href":"https:\/\/kohyoung.com\/ge\/wp-json\/wp\/v2\/types\/page"}],"author":[{"embeddable":true,"href":"https:\/\/kohyoung.com\/ge\/wp-json\/wp\/v2\/users\/1"}],"replies":[{"embeddable":true,"href":"https:\/\/kohyoung.com\/ge\/wp-json\/wp\/v2\/comments?post=1748"}],"version-history":[{"count":11,"href":"https:\/\/kohyoung.com\/ge\/wp-json\/wp\/v2\/pages\/1748\/revisions"}],"predecessor-version":[{"id":15757,"href":"https:\/\/kohyoung.com\/ge\/wp-json\/wp\/v2\/pages\/1748\/revisions\/15757"}],"wp:attachment":[{"href":"https:\/\/kohyoung.com\/ge\/wp-json\/wp\/v2\/media?parent=1748"}],"curies":[{"name":"wp","href":"https:\/\/api.w.org\/{rel}","templated":true}]}}