{"id":1740,"date":"2022-05-10T12:34:28","date_gmt":"2022-05-10T03:34:28","guid":{"rendered":"http:\/\/kohyoung2022.cafe24.com\/?page_id=1740"},"modified":"2024-11-11T09:31:17","modified_gmt":"2024-11-11T00:31:17","slug":"automated-optical-inspection-system-aoi","status":"publish","type":"page","link":"https:\/\/kohyoung.com\/ge\/automated-optical-inspection-system-aoi\/","title":{"rendered":"Automatisierte optische Inspektionsl\u00f6sungen (AOI)"},"content":{"rendered":"\t\t<div data-elementor-type=\"wp-page\" data-elementor-id=\"1740\" class=\"elementor elementor-1740\" data-elementor-post-type=\"page\">\n\t\t\t\t\t\t<section class=\"elementor-section elementor-top-section elementor-element elementor-element-bf0178a elementor-section-full_width elementor-section-height-min-height elementor-section-height-default elementor-section-items-middle\" data-id=\"bf0178a\" data-element_type=\"section\" data-settings=\"{&quot;background_background&quot;:&quot;classic&quot;}\">\n\t\t\t\t\t\t\t<div class=\"elementor-background-overlay\"><\/div>\n\t\t\t\t\t\t\t<div class=\"elementor-container elementor-column-gap-no\">\n\t\t\t\t\t<div class=\"elementor-column elementor-col-100 elementor-top-column elementor-element elementor-element-6454c1b\" data-id=\"6454c1b\" data-element_type=\"column\">\n\t\t\t<div class=\"elementor-widget-wrap elementor-element-populated\">\n\t\t\t\t\t\t<div class=\"elementor-element elementor-element-b3fe8cd elementor-widget elementor-widget-text-editor\" data-id=\"b3fe8cd\" data-element_type=\"widget\" data-widget_type=\"text-editor.default\">\n\t\t\t\t<div class=\"elementor-widget-container\">\n\t\t\t\t\t\t\t<p class=\"p1\">L\u00f6sungen<\/p>\t\t\t\t\t\t<\/div>\n\t\t\t\t<\/div>\n\t\t\t\t<div class=\"elementor-element elementor-element-6a2e117 elementor-widget__width-inherit elementor-widget elementor-widget-text-editor\" data-id=\"6a2e117\" data-element_type=\"widget\" data-widget_type=\"text-editor.default\">\n\t\t\t\t<div class=\"elementor-widget-container\">\n\t\t\t\t\t\t\t<div class=\"page\" title=\"Page 41\"><div class=\"section\"><div class=\"layoutArea\"><div class=\"column\"><p>Entdecken Sie True 3D-Inspektion und Smart Factory-L\u00f6sungen, die Koh Youngs neueste Technologie widerspiegeln.<\/p><\/div><\/div><\/div><\/div>\t\t\t\t\t\t<\/div>\n\t\t\t\t<\/div>\n\t\t\t\t\t<\/div>\n\t\t<\/div>\n\t\t\t\t\t<\/div>\n\t\t<\/section>\n\t\t\t\t<section class=\"elementor-section elementor-top-section elementor-element elementor-element-0cdccee elementor-section-boxed elementor-section-height-default elementor-section-height-default\" data-id=\"0cdccee\" data-element_type=\"section\">\n\t\t\t\t\t\t<div class=\"elementor-container elementor-column-gap-default\">\n\t\t\t\t\t<div class=\"elementor-column elementor-col-100 elementor-top-column elementor-element elementor-element-2c57f4b\" data-id=\"2c57f4b\" data-element_type=\"column\">\n\t\t\t<div class=\"elementor-widget-wrap elementor-element-populated\">\n\t\t\t\t\t\t<div class=\"elementor-element elementor-element-c92037d elementor-widget elementor-widget-spacer\" data-id=\"c92037d\" data-element_type=\"widget\" data-widget_type=\"spacer.default\">\n\t\t\t\t<div class=\"elementor-widget-container\">\n\t\t\t\t\t<div class=\"elementor-spacer\">\n\t\t\t<div class=\"elementor-spacer-inner\"><\/div>\n\t\t<\/div>\n\t\t\t\t<\/div>\n\t\t\t\t<\/div>\n\t\t\t\t\t<\/div>\n\t\t<\/div>\n\t\t\t\t\t<\/div>\n\t\t<\/section>\n\t\t\t\t<section class=\"elementor-section elementor-top-section elementor-element elementor-element-2de02e7 elementor-section-boxed elementor-section-height-default elementor-section-height-default\" data-id=\"2de02e7\" data-element_type=\"section\">\n\t\t\t\t\t\t<div class=\"elementor-container elementor-column-gap-default\">\n\t\t\t\t\t<div class=\"elementor-column elementor-col-100 elementor-top-column elementor-element elementor-element-bd7e9a1\" data-id=\"bd7e9a1\" data-element_type=\"column\">\n\t\t\t<div class=\"elementor-widget-wrap elementor-element-populated\">\n\t\t\t\t\t\t<div class=\"elementor-element elementor-element-cd5fa6b elementor-widget elementor-widget-heading\" data-id=\"cd5fa6b\" data-element_type=\"widget\" data-widget_type=\"heading.default\">\n\t\t\t\t<div class=\"elementor-widget-container\">\n\t\t\t<h2 class=\"elementor-heading-title elementor-size-default\">System f\u00fcr Automatische Optische Inspektion (AOI)<\/h2>\t\t<\/div>\n\t\t\t\t<\/div>\n\t\t\t\t<div class=\"elementor-element elementor-element-389f79e elementor-widget elementor-widget-text-editor\" data-id=\"389f79e\" data-element_type=\"widget\" data-widget_type=\"text-editor.default\">\n\t\t\t\t<div class=\"elementor-widget-container\">\n\t\t\t\t\t\t\t<div class=\"page\" title=\"Page 44\"><div class=\"section\"><div class=\"layoutArea\"><div class=\"column\"><div class=\"page\" title=\"Page 45\"><div class=\"section\"><div class=\"layoutArea\"><div class=\"column\"><p>KI-gest\u00fctzte True 3D AOI-L\u00f6sungen von Koh Young verhelfen Herstellern zur Null-Fehler-Produktion<\/p><p>Unser Portfolio der AOI-L\u00f6sungen reicht von kosteng\u00fcnstigen Systemen f\u00fcr viele Anwendungen bis hin zu Anlagen, die f\u00fcr anspruchsvolle, komplexe Fertigungsprozesse geeignet sind. Kontaktieren Sie uns noch heute, um herauszufinden, welche unserer AOI-L\u00f6sungen f\u00fcr Sie von gro\u00dfem Nutzen sein kann.<\/p><\/div><\/div><\/div><\/div><\/div><\/div><\/div><\/div>\t\t\t\t\t\t<\/div>\n\t\t\t\t<\/div>\n\t\t\t\t\t<\/div>\n\t\t<\/div>\n\t\t\t\t\t<\/div>\n\t\t<\/section>\n\t\t\t\t<section class=\"elementor-section elementor-top-section elementor-element elementor-element-5b5111f0 elementor-section-boxed elementor-section-height-default elementor-section-height-default\" data-id=\"5b5111f0\" data-element_type=\"section\">\n\t\t\t\t\t\t<div class=\"elementor-container elementor-column-gap-default\">\n\t\t\t\t\t<div class=\"elementor-column elementor-col-100 elementor-top-column elementor-element elementor-element-2a8f974d\" data-id=\"2a8f974d\" data-element_type=\"column\">\n\t\t\t<div class=\"elementor-widget-wrap elementor-element-populated\">\n\t\t\t\t\t\t<div class=\"elementor-element elementor-element-6425a4ed elementor-grid-4 elementor-posts--align-left elementor-grid-tablet-2 elementor-grid-mobile-1 elementor-posts--thumbnail-top elementor-posts__hover-gradient elementor-widget elementor-widget-posts\" data-id=\"6425a4ed\" data-element_type=\"widget\" data-settings=\"{&quot;cards_columns&quot;:&quot;4&quot;,&quot;cards_columns_tablet&quot;:&quot;2&quot;,&quot;cards_columns_mobile&quot;:&quot;1&quot;,&quot;cards_row_gap&quot;:{&quot;unit&quot;:&quot;px&quot;,&quot;size&quot;:35,&quot;sizes&quot;:[]},&quot;cards_row_gap_tablet&quot;:{&quot;unit&quot;:&quot;px&quot;,&quot;size&quot;:&quot;&quot;,&quot;sizes&quot;:[]},&quot;cards_row_gap_mobile&quot;:{&quot;unit&quot;:&quot;px&quot;,&quot;size&quot;:&quot;&quot;,&quot;sizes&quot;:[]}}\" data-widget_type=\"posts.cards\">\n\t\t\t\t<div class=\"elementor-widget-container\">\n\t\t\t\t\t<div class=\"elementor-posts-container elementor-posts elementor-posts--skin-cards elementor-grid\">\n\t\t\t\t<article class=\"elementor-post elementor-grid-item post-3417 post type-post status-publish format-standard has-post-thumbnail hentry category-system-fur-automatische-optische-inspektion-aoi\">\n\t\t\t<div class=\"elementor-post__card\">\n\t\t\t\t<a class=\"elementor-post__thumbnail__link\" href=\"https:\/\/kohyoung.com\/ge\/zenith-2\/\" tabindex=\"-1\" ><div class=\"elementor-post__thumbnail\"><img decoding=\"async\" width=\"1\" height=\"1\" src=\"https:\/\/d19m5rauv1cd5h.cloudfront.net\/wp-content\/uploads\/2022\/05\/05171738\/AOI_Zenith-2_Product-Image_-768x809.png\" class=\"attachment-medium_large size-medium_large wp-image-11866\" alt=\"\" \/><\/div><\/a>\n\t\t\t\t<div class=\"elementor-post__text\">\n\t\t\t\t<h3 class=\"elementor-post__title\">\n\t\t\t<a href=\"https:\/\/kohyoung.com\/ge\/zenith-2\/\" >\n\t\t\t\tZenith 2\t\t\t<\/a>\n\t\t<\/h3>\n\t\t\t\t<div class=\"elementor-post__excerpt\">\n\t\t\t<p>Bahnbrechendes True 3D-AO-System mit beispielloser Leistungsf\u00e4higkeit<\/p>\n\t\t<\/div>\n\t\t\t\t\t<div class=\"elementor-post__read-more-wrapper\">\n\t\t\n\t\t<a class=\"elementor-post__read-more\" href=\"https:\/\/kohyoung.com\/ge\/zenith-2\/\" aria-label=\"Read more about Zenith 2\" tabindex=\"-1\" >\n\t\t\tRead More \u00bb\t\t<\/a>\n\n\t\t\t\t\t<\/div>\n\t\t\t\t<\/div>\n\t\t\t\t\t<\/div>\n\t\t<\/article>\n\t\t\t\t<article class=\"elementor-post elementor-grid-item post-3423 post type-post status-publish format-standard has-post-thumbnail hentry category-system-fur-automatische-optische-inspektion-aoi\">\n\t\t\t<div class=\"elementor-post__card\">\n\t\t\t\t<a class=\"elementor-post__thumbnail__link\" href=\"https:\/\/kohyoung.com\/ge\/zenith-uhs\/\" tabindex=\"-1\" ><div class=\"elementor-post__thumbnail\"><img decoding=\"async\" width=\"1\" height=\"1\" src=\"https:\/\/d19m5rauv1cd5h.cloudfront.net\/wp-content\/uploads\/2022\/05\/05171748\/AOI_Zenith-UHS_Product-Image-768x809.png\" class=\"attachment-medium_large size-medium_large wp-image-11870\" alt=\"\" \/><\/div><\/a>\n\t\t\t\t<div class=\"elementor-post__text\">\n\t\t\t\t<h3 class=\"elementor-post__title\">\n\t\t\t<a href=\"https:\/\/kohyoung.com\/ge\/zenith-uhs\/\" >\n\t\t\t\tZenith UHS\t\t\t<\/a>\n\t\t<\/h3>\n\t\t\t\t<div class=\"elementor-post__excerpt\">\n\t\t\t<p>Die schnellste True 3D AOI-L\u00f6sung der Branche<\/p>\n\t\t<\/div>\n\t\t\t\t\t<div class=\"elementor-post__read-more-wrapper\">\n\t\t\n\t\t<a class=\"elementor-post__read-more\" href=\"https:\/\/kohyoung.com\/ge\/zenith-uhs\/\" aria-label=\"Read more about Zenith UHS\" tabindex=\"-1\" >\n\t\t\tRead More \u00bb\t\t<\/a>\n\n\t\t\t\t\t<\/div>\n\t\t\t\t<\/div>\n\t\t\t\t\t<\/div>\n\t\t<\/article>\n\t\t\t\t<article class=\"elementor-post elementor-grid-item post-3434 post type-post status-publish format-standard has-post-thumbnail hentry category-system-fur-automatische-optische-inspektion-aoi\">\n\t\t\t<div class=\"elementor-post__card\">\n\t\t\t\t<a class=\"elementor-post__thumbnail__link\" href=\"https:\/\/kohyoung.com\/ge\/zenith\/\" tabindex=\"-1\" ><div class=\"elementor-post__thumbnail\"><img decoding=\"async\" width=\"1\" height=\"1\" src=\"https:\/\/d19m5rauv1cd5h.cloudfront.net\/wp-content\/uploads\/2022\/05\/05171751\/AOI_Zenith_Product-Image-768x809.png\" class=\"attachment-medium_large size-medium_large wp-image-11871\" alt=\"\" \/><\/div><\/a>\n\t\t\t\t<div class=\"elementor-post__text\">\n\t\t\t\t<h3 class=\"elementor-post__title\">\n\t\t\t<a href=\"https:\/\/kohyoung.com\/ge\/zenith\/\" >\n\t\t\t\tZenith\t\t\t<\/a>\n\t\t<\/h3>\n\t\t\t\t<div class=\"elementor-post__excerpt\">\n\t\t\t<p>Die meistverkaufte und erste True 3D AOI-L\u00f6sung der Industrie<\/p>\n\t\t<\/div>\n\t\t\t\t\t<div class=\"elementor-post__read-more-wrapper\">\n\t\t\n\t\t<a class=\"elementor-post__read-more\" href=\"https:\/\/kohyoung.com\/ge\/zenith\/\" aria-label=\"Read more about Zenith\" tabindex=\"-1\" >\n\t\t\tRead More \u00bb\t\t<\/a>\n\n\t\t\t\t\t<\/div>\n\t\t\t\t<\/div>\n\t\t\t\t\t<\/div>\n\t\t<\/article>\n\t\t\t\t<article class=\"elementor-post elementor-grid-item post-3440 post type-post status-publish format-standard has-post-thumbnail hentry category-system-fur-automatische-optische-inspektion-aoi\">\n\t\t\t<div class=\"elementor-post__card\">\n\t\t\t\t<a class=\"elementor-post__thumbnail__link\" href=\"https:\/\/kohyoung.com\/ge\/zenith-f\/\" tabindex=\"-1\" ><div class=\"elementor-post__thumbnail\"><img loading=\"lazy\" decoding=\"async\" width=\"1\" height=\"1\" src=\"https:\/\/d19m5rauv1cd5h.cloudfront.net\/wp-content\/uploads\/2022\/05\/05171743\/AOI_Zenith-F_Product-Image-768x809.png\" class=\"attachment-medium_large size-medium_large wp-image-11868\" alt=\"\" \/><\/div><\/a>\n\t\t\t\t<div class=\"elementor-post__text\">\n\t\t\t\t<h3 class=\"elementor-post__title\">\n\t\t\t<a href=\"https:\/\/kohyoung.com\/ge\/zenith-f\/\" >\n\t\t\t\tZenith F\t\t\t<\/a>\n\t\t<\/h3>\n\t\t\t\t<div class=\"elementor-post__excerpt\">\n\t\t\t<p>Die branchenweit klassenbeste True 3D AOI-L\u00f6sung f\u00fcr FPCB-Best\u00fcckung<\/p>\n\t\t<\/div>\n\t\t\t\t\t<div class=\"elementor-post__read-more-wrapper\">\n\t\t\n\t\t<a class=\"elementor-post__read-more\" href=\"https:\/\/kohyoung.com\/ge\/zenith-f\/\" aria-label=\"Read more about Zenith F\" tabindex=\"-1\" >\n\t\t\tRead More \u00bb\t\t<\/a>\n\n\t\t\t\t\t<\/div>\n\t\t\t\t<\/div>\n\t\t\t\t\t<\/div>\n\t\t<\/article>\n\t\t\t\t<article class=\"elementor-post elementor-grid-item post-3446 post type-post status-publish format-standard has-post-thumbnail hentry category-system-fur-automatische-optische-inspektion-aoi\">\n\t\t\t<div class=\"elementor-post__card\">\n\t\t\t\t<a class=\"elementor-post__thumbnail__link\" href=\"https:\/\/kohyoung.com\/ge\/zenith-alpha\/\" tabindex=\"-1\" ><div class=\"elementor-post__thumbnail\"><img loading=\"lazy\" decoding=\"async\" width=\"1\" height=\"1\" src=\"https:\/\/d19m5rauv1cd5h.cloudfront.net\/wp-content\/uploads\/2022\/05\/05171741\/AOI_Zenith-Alpha_Product-Image-768x809.png\" class=\"attachment-medium_large size-medium_large wp-image-11867\" alt=\"\" \/><\/div><\/a>\n\t\t\t\t<div class=\"elementor-post__text\">\n\t\t\t\t<h3 class=\"elementor-post__title\">\n\t\t\t<a href=\"https:\/\/kohyoung.com\/ge\/zenith-alpha\/\" >\n\t\t\t\tZenith Alpha\t\t\t<\/a>\n\t\t<\/h3>\n\t\t\t\t<div class=\"elementor-post__excerpt\">\n\t\t\t<p>Das preisg\u00fcnstigste True 3D AOI-System mit erweitertem Funktionsumfang<\/p>\n\t\t<\/div>\n\t\t\t\t\t<div class=\"elementor-post__read-more-wrapper\">\n\t\t\n\t\t<a class=\"elementor-post__read-more\" href=\"https:\/\/kohyoung.com\/ge\/zenith-alpha\/\" aria-label=\"Read more about Zenith Alpha\" tabindex=\"-1\" >\n\t\t\tRead More \u00bb\t\t<\/a>\n\n\t\t\t\t\t<\/div>\n\t\t\t\t<\/div>\n\t\t\t\t\t<\/div>\n\t\t<\/article>\n\t\t\t\t<article class=\"elementor-post elementor-grid-item post-3452 post type-post status-publish format-standard has-post-thumbnail hentry category-system-fur-automatische-optische-inspektion-aoi\">\n\t\t\t<div class=\"elementor-post__card\">\n\t\t\t\t<a class=\"elementor-post__thumbnail__link\" href=\"https:\/\/kohyoung.com\/ge\/zenith-lite\/\" tabindex=\"-1\" ><div class=\"elementor-post__thumbnail\"><img loading=\"lazy\" decoding=\"async\" width=\"1\" height=\"1\" src=\"https:\/\/d19m5rauv1cd5h.cloudfront.net\/wp-content\/uploads\/2022\/05\/05171746\/AOI_Zenith-LiTE_Product-Image-768x809.png\" class=\"attachment-medium_large size-medium_large wp-image-11869\" alt=\"\" \/><\/div><\/a>\n\t\t\t\t<div class=\"elementor-post__text\">\n\t\t\t\t<h3 class=\"elementor-post__title\">\n\t\t\t<a href=\"https:\/\/kohyoung.com\/ge\/zenith-lite\/\" >\n\t\t\t\tZenith LiTE\t\t\t<\/a>\n\t\t<\/h3>\n\t\t\t\t<div class=\"elementor-post__excerpt\">\n\t\t\t<p>Die preiswerteste True 3D AOI-L\u00f6sung<\/p>\n\t\t<\/div>\n\t\t\t\t\t<div class=\"elementor-post__read-more-wrapper\">\n\t\t\n\t\t<a class=\"elementor-post__read-more\" href=\"https:\/\/kohyoung.com\/ge\/zenith-lite\/\" aria-label=\"Read more about Zenith LiTE\" tabindex=\"-1\" >\n\t\t\tRead More \u00bb\t\t<\/a>\n\n\t\t\t\t\t<\/div>\n\t\t\t\t<\/div>\n\t\t\t\t\t<\/div>\n\t\t<\/article>\n\t\t\t\t<article class=\"elementor-post elementor-grid-item post-15332 post type-post status-publish format-standard has-post-thumbnail hentry category-system-fur-automatische-optische-inspektion-aoi\">\n\t\t\t<div class=\"elementor-post__card\">\n\t\t\t\t<a class=\"elementor-post__thumbnail__link\" href=\"https:\/\/kohyoung.com\/ge\/zenith-s\/\" tabindex=\"-1\" ><div class=\"elementor-post__thumbnail\"><img loading=\"lazy\" decoding=\"async\" width=\"768\" height=\"809\" src=\"https:\/\/d19m5rauv1cd5h.cloudfront.net\/wp-content\/uploads\/2023\/11\/11093218\/%EC%A0%9C%EB%AA%A9-%EC%97%86%EC%9D%8C-1-768x809.png\" class=\"attachment-medium_large size-medium_large wp-image-16065\" alt=\"\" srcset=\"https:\/\/d19m5rauv1cd5h.cloudfront.net\/wp-content\/uploads\/2023\/11\/11093218\/%EC%A0%9C%EB%AA%A9-%EC%97%86%EC%9D%8C-1-768x809.png 768w, https:\/\/d19m5rauv1cd5h.cloudfront.net\/wp-content\/uploads\/2023\/11\/11093218\/%EC%A0%9C%EB%AA%A9-%EC%97%86%EC%9D%8C-1-285x300.png 285w, https:\/\/d19m5rauv1cd5h.cloudfront.net\/wp-content\/uploads\/2023\/11\/11093218\/%EC%A0%9C%EB%AA%A9-%EC%97%86%EC%9D%8C-1.png 800w\" sizes=\"(max-width: 768px) 100vw, 768px\" \/><\/div><\/a>\n\t\t\t\t<div class=\"elementor-post__text\">\n\t\t\t\t<h3 class=\"elementor-post__title\">\n\t\t\t<a href=\"https:\/\/kohyoung.com\/ge\/zenith-s\/\" >\n\t\t\t\tZenith S\t\t\t<\/a>\n\t\t<\/h3>\n\t\t\t\t<div class=\"elementor-post__excerpt\">\n\t\t\t<p>Die branchenweit erste und meistverkaufte True 3D AOI-L\u00f6sung<\/p>\n\t\t<\/div>\n\t\t\t\t\t<div class=\"elementor-post__read-more-wrapper\">\n\t\t\n\t\t<a class=\"elementor-post__read-more\" href=\"https:\/\/kohyoung.com\/ge\/zenith-s\/\" aria-label=\"Read more about Zenith S\" tabindex=\"-1\" >\n\t\t\tRead More \u00bb\t\t<\/a>\n\n\t\t\t\t\t<\/div>\n\t\t\t\t<\/div>\n\t\t\t\t\t<\/div>\n\t\t<\/article>\n\t\t\t\t<\/div>\n\t\t\n\t\t\t\t<\/div>\n\t\t\t\t<\/div>\n\t\t\t\t\t<\/div>\n\t\t<\/div>\n\t\t\t\t\t<\/div>\n\t\t<\/section>\n\t\t\t\t<section class=\"elementor-section elementor-top-section elementor-element elementor-element-5538381 elementor-section-boxed elementor-section-height-default elementor-section-height-default\" data-id=\"5538381\" data-element_type=\"section\">\n\t\t\t\t\t\t<div class=\"elementor-container elementor-column-gap-default\">\n\t\t\t\t\t<div class=\"elementor-column elementor-col-100 elementor-top-column elementor-element elementor-element-09fd442\" data-id=\"09fd442\" data-element_type=\"column\">\n\t\t\t<div class=\"elementor-widget-wrap elementor-element-populated\">\n\t\t\t\t\t\t<div class=\"elementor-element elementor-element-b8b331c elementor-widget elementor-widget-spacer\" data-id=\"b8b331c\" data-element_type=\"widget\" data-widget_type=\"spacer.default\">\n\t\t\t\t<div class=\"elementor-widget-container\">\n\t\t\t\t\t<div class=\"elementor-spacer\">\n\t\t\t<div class=\"elementor-spacer-inner\"><\/div>\n\t\t<\/div>\n\t\t\t\t<\/div>\n\t\t\t\t<\/div>\n\t\t\t\t\t<\/div>\n\t\t<\/div>\n\t\t\t\t\t<\/div>\n\t\t<\/section>\n\t\t\t\t<\/div>\n\t\t","protected":false},"excerpt":{"rendered":"<p>L\u00f6sungen Entdecken Sie True 3D-Inspektion und Smart Factory-L\u00f6sungen, die Koh Youngs neueste Technologie widerspiegeln. System f\u00fcr Automatische Optische Inspektion (AOI) KI-gest\u00fctzte True 3D AOI-L\u00f6sungen von Koh Young verhelfen Herstellern zur Null-Fehler-Produktion Unser Portfolio der AOI-L\u00f6sungen reicht von kosteng\u00fcnstigen Systemen f\u00fcr viele Anwendungen bis hin zu Anlagen, die f\u00fcr anspruchsvolle, komplexe Fertigungsprozesse geeignet sind. Kontaktieren Sie [&hellip;]<\/p>\n","protected":false},"author":1,"featured_media":0,"parent":0,"menu_order":0,"comment_status":"closed","ping_status":"closed","template":"","meta":{"footnotes":"","_links_to":"","_links_to_target":""},"class_list":["post-1740","page","type-page","status-publish","hentry"],"_links":{"self":[{"href":"https:\/\/kohyoung.com\/ge\/wp-json\/wp\/v2\/pages\/1740","targetHints":{"allow":["GET"]}}],"collection":[{"href":"https:\/\/kohyoung.com\/ge\/wp-json\/wp\/v2\/pages"}],"about":[{"href":"https:\/\/kohyoung.com\/ge\/wp-json\/wp\/v2\/types\/page"}],"author":[{"embeddable":true,"href":"https:\/\/kohyoung.com\/ge\/wp-json\/wp\/v2\/users\/1"}],"replies":[{"embeddable":true,"href":"https:\/\/kohyoung.com\/ge\/wp-json\/wp\/v2\/comments?post=1740"}],"version-history":[{"count":14,"href":"https:\/\/kohyoung.com\/ge\/wp-json\/wp\/v2\/pages\/1740\/revisions"}],"predecessor-version":[{"id":16064,"href":"https:\/\/kohyoung.com\/ge\/wp-json\/wp\/v2\/pages\/1740\/revisions\/16064"}],"wp:attachment":[{"href":"https:\/\/kohyoung.com\/ge\/wp-json\/wp\/v2\/media?parent=1740"}],"curies":[{"name":"wp","href":"https:\/\/api.w.org\/{rel}","templated":true}]}}