{"id":1734,"date":"2022-05-10T12:33:25","date_gmt":"2022-05-10T03:33:25","guid":{"rendered":"http:\/\/kohyoung2022.cafe24.com\/?page_id=1734"},"modified":"2024-03-04T15:03:23","modified_gmt":"2024-03-04T06:03:23","slug":"industrial-technology","status":"publish","type":"page","link":"https:\/\/kohyoung.com\/ge\/industrial-technology\/","title":{"rendered":"Technologien f\u00fcr die industrielle Fertigung"},"content":{"rendered":"\t\t<div data-elementor-type=\"wp-page\" data-elementor-id=\"1734\" class=\"elementor elementor-1734\" data-elementor-post-type=\"page\">\n\t\t\t\t\t\t<section class=\"elementor-section elementor-top-section elementor-element elementor-element-e3a4d29 elementor-section-full_width elementor-section-height-min-height elementor-section-height-default elementor-section-items-middle\" data-id=\"e3a4d29\" data-element_type=\"section\" data-settings=\"{&quot;background_background&quot;:&quot;classic&quot;}\">\n\t\t\t\t\t\t\t<div class=\"elementor-background-overlay\"><\/div>\n\t\t\t\t\t\t\t<div class=\"elementor-container elementor-column-gap-default\">\n\t\t\t\t\t<div class=\"elementor-column elementor-col-100 elementor-top-column elementor-element elementor-element-3c8aa5f\" data-id=\"3c8aa5f\" data-element_type=\"column\">\n\t\t\t<div class=\"elementor-widget-wrap elementor-element-populated\">\n\t\t\t\t\t\t<div class=\"elementor-element elementor-element-78717f4 elementor-widget elementor-widget-text-editor\" data-id=\"78717f4\" data-element_type=\"widget\" data-widget_type=\"text-editor.default\">\n\t\t\t\t<div class=\"elementor-widget-container\">\n\t\t\t\t\t\t\t<p class=\"p1\">Technologie<\/p>\t\t\t\t\t\t<\/div>\n\t\t\t\t<\/div>\n\t\t\t\t<div class=\"elementor-element elementor-element-71d22e6 elementor-widget__width-inherit elementor-widget elementor-widget-text-editor\" data-id=\"71d22e6\" data-element_type=\"widget\" data-widget_type=\"text-editor.default\">\n\t\t\t\t<div class=\"elementor-widget-container\">\n\t\t\t\t\t\t\t<p class=\"p1\">Koh Young\u2019s world-leading technologies<\/p>\t\t\t\t\t\t<\/div>\n\t\t\t\t<\/div>\n\t\t\t\t\t<\/div>\n\t\t<\/div>\n\t\t\t\t\t<\/div>\n\t\t<\/section>\n\t\t\t\t<section class=\"elementor-section elementor-top-section elementor-element elementor-element-3f896de elementor-section-boxed elementor-section-height-default elementor-section-height-default\" data-id=\"3f896de\" data-element_type=\"section\">\n\t\t\t\t\t\t<div class=\"elementor-container elementor-column-gap-no\">\n\t\t\t\t\t<div class=\"elementor-column elementor-col-100 elementor-top-column elementor-element elementor-element-4e77cf9\" data-id=\"4e77cf9\" data-element_type=\"column\">\n\t\t\t<div class=\"elementor-widget-wrap elementor-element-populated\">\n\t\t\t\t\t\t<div class=\"elementor-element elementor-element-c932017 elementor-widget elementor-widget-spacer\" data-id=\"c932017\" data-element_type=\"widget\" data-widget_type=\"spacer.default\">\n\t\t\t\t<div class=\"elementor-widget-container\">\n\t\t\t\t\t<div class=\"elementor-spacer\">\n\t\t\t<div class=\"elementor-spacer-inner\"><\/div>\n\t\t<\/div>\n\t\t\t\t<\/div>\n\t\t\t\t<\/div>\n\t\t\t\t\t<\/div>\n\t\t<\/div>\n\t\t\t\t\t<\/div>\n\t\t<\/section>\n\t\t\t\t<section class=\"elementor-section elementor-top-section elementor-element elementor-element-c41473c elementor-section-boxed elementor-section-height-default elementor-section-height-default\" data-id=\"c41473c\" data-element_type=\"section\">\n\t\t\t\t\t\t<div class=\"elementor-container elementor-column-gap-no\">\n\t\t\t\t\t<div class=\"elementor-column elementor-col-100 elementor-top-column elementor-element elementor-element-32ce763\" data-id=\"32ce763\" data-element_type=\"column\">\n\t\t\t<div class=\"elementor-widget-wrap elementor-element-populated\">\n\t\t\t\t\t\t<div class=\"elementor-element elementor-element-fcfb641 elementor-widget elementor-widget-heading\" data-id=\"fcfb641\" data-element_type=\"widget\" data-widget_type=\"heading.default\">\n\t\t\t\t<div class=\"elementor-widget-container\">\n\t\t\t<h2 class=\"elementor-heading-title elementor-size-default\">Industrielle Technologie<\/h2>\t\t<\/div>\n\t\t\t\t<\/div>\n\t\t\t\t\t<\/div>\n\t\t<\/div>\n\t\t\t\t\t<\/div>\n\t\t<\/section>\n\t\t\t\t<section class=\"elementor-section elementor-top-section elementor-element elementor-element-492ec5ef elementor-section-boxed elementor-section-height-default elementor-section-height-default\" data-id=\"492ec5ef\" data-element_type=\"section\">\n\t\t\t\t\t\t<div class=\"elementor-container elementor-column-gap-default\">\n\t\t\t\t\t<div class=\"elementor-column elementor-col-100 elementor-top-column elementor-element elementor-element-6b7d4a1a\" data-id=\"6b7d4a1a\" data-element_type=\"column\">\n\t\t\t<div class=\"elementor-widget-wrap elementor-element-populated\">\n\t\t\t\t\t\t<div class=\"elementor-element elementor-element-5be5598c elementor-grid-3 elementor-grid-tablet-2 elementor-grid-mobile-1 elementor-posts--thumbnail-top elementor-card-shadow-yes elementor-posts__hover-gradient elementor-widget elementor-widget-posts\" data-id=\"5be5598c\" data-element_type=\"widget\" data-settings=\"{&quot;cards_columns&quot;:&quot;3&quot;,&quot;cards_columns_tablet&quot;:&quot;2&quot;,&quot;cards_columns_mobile&quot;:&quot;1&quot;,&quot;cards_row_gap&quot;:{&quot;unit&quot;:&quot;px&quot;,&quot;size&quot;:35,&quot;sizes&quot;:[]},&quot;cards_row_gap_tablet&quot;:{&quot;unit&quot;:&quot;px&quot;,&quot;size&quot;:&quot;&quot;,&quot;sizes&quot;:[]},&quot;cards_row_gap_mobile&quot;:{&quot;unit&quot;:&quot;px&quot;,&quot;size&quot;:&quot;&quot;,&quot;sizes&quot;:[]}}\" data-widget_type=\"posts.cards\">\n\t\t\t\t<div class=\"elementor-widget-container\">\n\t\t\t\t\t<div class=\"elementor-posts-container elementor-posts elementor-posts--skin-cards elementor-grid\">\n\t\t\t\t<article class=\"elementor-post elementor-grid-item post-5011 post type-post status-publish format-standard has-post-thumbnail hentry category-industrial-tehnology\">\n\t\t\t<div class=\"elementor-post__card\">\n\t\t\t\t<a class=\"elementor-post__thumbnail__link\" href=\"https:\/\/kohyoung.com\/ge\/solder-paste-inspection-technology\/\" tabindex=\"-1\" ><div class=\"elementor-post__thumbnail\"><img decoding=\"async\" width=\"1\" height=\"1\" src=\"https:\/\/d19m5rauv1cd5h.cloudfront.net\/wp-content\/uploads\/2022\/05\/06094012\/SPI-Technology-scaled-e1652725260391-300x200.jpeg\" class=\"attachment-medium size-medium wp-image-12318\" alt=\"\" \/><\/div><\/a>\n\t\t\t\t<div class=\"elementor-post__text\">\n\t\t\t\t<h3 class=\"elementor-post__title\">\n\t\t\t<a href=\"https:\/\/kohyoung.com\/ge\/solder-paste-inspection-technology\/\" >\n\t\t\t\tLotpasten-Inspektion\t\t\t<\/a>\n\t\t<\/h3>\n\t\t\t\t<div class=\"elementor-post__excerpt\">\n\t\t\t<p>Entwickelt, um die h\u00f6chsten Standards in Druckqualit\u00e4t und Zuverl\u00e4ssigkeit abzusichern<\/p>\n\t\t<\/div>\n\t\t\t\t\t<div class=\"elementor-post__read-more-wrapper\">\n\t\t\n\t\t<a class=\"elementor-post__read-more\" href=\"https:\/\/kohyoung.com\/ge\/solder-paste-inspection-technology\/\" aria-label=\"Read more about Lotpasten-Inspektion\" tabindex=\"-1\" >\n\t\t\tRead More \u00bb\t\t<\/a>\n\n\t\t\t\t\t<\/div>\n\t\t\t\t<\/div>\n\t\t\t\t\t<\/div>\n\t\t<\/article>\n\t\t\t\t<article class=\"elementor-post elementor-grid-item post-1293 post type-post status-publish format-standard has-post-thumbnail hentry category-industrial-tehnology\">\n\t\t\t<div class=\"elementor-post__card\">\n\t\t\t\t<a class=\"elementor-post__thumbnail__link\" href=\"https:\/\/kohyoung.com\/ge\/automated-optical-inspection-technology\/\" tabindex=\"-1\" ><div class=\"elementor-post__thumbnail\"><img decoding=\"async\" width=\"1\" height=\"1\" src=\"https:\/\/d19m5rauv1cd5h.cloudfront.net\/wp-content\/uploads\/2022\/05\/06094005\/Automated-Optical-Inspection_th_AOI-Technology-1-750x499-1-300x200.jpeg\" class=\"attachment-medium size-medium wp-image-12314\" alt=\"\" \/><\/div><\/a>\n\t\t\t\t<div class=\"elementor-post__text\">\n\t\t\t\t<h3 class=\"elementor-post__title\">\n\t\t\t<a href=\"https:\/\/kohyoung.com\/ge\/automated-optical-inspection-technology\/\" >\n\t\t\t\tAutomatische Optische Inspektion\t\t\t<\/a>\n\t\t<\/h3>\n\t\t\t\t<div class=\"elementor-post__excerpt\">\n\t\t\t<p>KI-gest\u00fctzte True 3D AOI-Technologie f\u00fcr die Null-Fehler-Produktion<\/p>\n\t\t<\/div>\n\t\t\t\t\t<div class=\"elementor-post__read-more-wrapper\">\n\t\t\n\t\t<a class=\"elementor-post__read-more\" href=\"https:\/\/kohyoung.com\/ge\/automated-optical-inspection-technology\/\" aria-label=\"Read more about Automatische Optische Inspektion\" tabindex=\"-1\" >\n\t\t\tRead More \u00bb\t\t<\/a>\n\n\t\t\t\t\t<\/div>\n\t\t\t\t<\/div>\n\t\t\t\t\t<\/div>\n\t\t<\/article>\n\t\t\t\t<article class=\"elementor-post elementor-grid-item post-1307 post type-post status-publish format-standard has-post-thumbnail hentry category-industrial-tehnology\">\n\t\t\t<div class=\"elementor-post__card\">\n\t\t\t\t<a class=\"elementor-post__thumbnail__link\" href=\"https:\/\/kohyoung.com\/ge\/semiconductor-inspection-technology\/\" tabindex=\"-1\" ><div class=\"elementor-post__thumbnail\"><img decoding=\"async\" width=\"1\" height=\"1\" src=\"https:\/\/d19m5rauv1cd5h.cloudfront.net\/wp-content\/uploads\/2022\/05\/06094011\/Semiconductor-Inspection_th_Semiconductor-Inspection-Technology-750x481-1-300x192.png\" class=\"attachment-medium size-medium wp-image-12317\" alt=\"\" \/><\/div><\/a>\n\t\t\t\t<div class=\"elementor-post__text\">\n\t\t\t\t<h3 class=\"elementor-post__title\">\n\t\t\t<a href=\"https:\/\/kohyoung.com\/ge\/semiconductor-inspection-technology\/\" >\n\t\t\t\tHalbleiter-Inspektion\t\t\t<\/a>\n\t\t<\/h3>\n\t\t\t\t<div class=\"elementor-post__excerpt\">\n\t\t\t<p>Entwickelt f\u00fcr optimale Qualit\u00e4tssicherung von Advanced Packages sowie Mini\/Micro-LED-Anwendungen<\/p>\n\t\t<\/div>\n\t\t\t\t\t<div class=\"elementor-post__read-more-wrapper\">\n\t\t\n\t\t<a class=\"elementor-post__read-more\" href=\"https:\/\/kohyoung.com\/ge\/semiconductor-inspection-technology\/\" aria-label=\"Read more about Halbleiter-Inspektion\" tabindex=\"-1\" >\n\t\t\tRead More \u00bb\t\t<\/a>\n\n\t\t\t\t\t<\/div>\n\t\t\t\t<\/div>\n\t\t\t\t\t<\/div>\n\t\t<\/article>\n\t\t\t\t<article class=\"elementor-post elementor-grid-item post-1314 post type-post status-publish format-standard has-post-thumbnail hentry category-industrial-tehnology\">\n\t\t\t<div class=\"elementor-post__card\">\n\t\t\t\t<a class=\"elementor-post__thumbnail__link\" href=\"https:\/\/kohyoung.com\/ge\/dispensing-process-inspection-technology\/\" tabindex=\"-1\" ><div class=\"elementor-post__thumbnail\"><img loading=\"lazy\" decoding=\"async\" width=\"1\" height=\"1\" src=\"https:\/\/d19m5rauv1cd5h.cloudfront.net\/wp-content\/uploads\/2022\/05\/06094007\/Dispensing-Process-Inspection_th_DPI-Technology-1-750x465-1-300x186.png\" class=\"attachment-medium size-medium wp-image-12315\" alt=\"\" \/><\/div><\/a>\n\t\t\t\t<div class=\"elementor-post__text\">\n\t\t\t\t<h3 class=\"elementor-post__title\">\n\t\t\t<a href=\"https:\/\/kohyoung.com\/ge\/dispensing-process-inspection-technology\/\" >\n\t\t\t\tDispensingprozess-Inspektion\t\t\t<\/a>\n\t\t<\/h3>\n\t\t\t\t<div class=\"elementor-post__excerpt\">\n\t\t\t<p>Die Neptune Series wurde entwickelt, um die Komplexit\u00e4t Ihrer Dosierprozesse zu erforschen<\/p>\n\t\t<\/div>\n\t\t\t\t\t<div class=\"elementor-post__read-more-wrapper\">\n\t\t\n\t\t<a class=\"elementor-post__read-more\" href=\"https:\/\/kohyoung.com\/ge\/dispensing-process-inspection-technology\/\" aria-label=\"Read more about Dispensingprozess-Inspektion\" tabindex=\"-1\" >\n\t\t\tRead More \u00bb\t\t<\/a>\n\n\t\t\t\t\t<\/div>\n\t\t\t\t<\/div>\n\t\t\t\t\t<\/div>\n\t\t<\/article>\n\t\t\t\t<article class=\"elementor-post elementor-grid-item post-1326 post type-post status-publish format-standard has-post-thumbnail hentry category-industrial-tehnology\">\n\t\t\t<div class=\"elementor-post__card\">\n\t\t\t\t<a class=\"elementor-post__thumbnail__link\" href=\"https:\/\/kohyoung.com\/ge\/final-optical-inspection-technology\/\" tabindex=\"-1\" ><div class=\"elementor-post__thumbnail\"><img loading=\"lazy\" decoding=\"async\" width=\"1\" height=\"1\" src=\"https:\/\/d19m5rauv1cd5h.cloudfront.net\/wp-content\/uploads\/2022\/05\/06094008\/Final-Optical-Inspection_th_FOI-Technology-1-750x423-1-300x169.png\" class=\"attachment-medium size-medium wp-image-12316\" alt=\"\" \/><\/div><\/a>\n\t\t\t\t<div class=\"elementor-post__text\">\n\t\t\t\t<h3 class=\"elementor-post__title\">\n\t\t\t<a href=\"https:\/\/kohyoung.com\/ge\/final-optical-inspection-technology\/\" >\n\t\t\t\tOptische Schlusspr\u00fcfung\t\t\t<\/a>\n\t\t<\/h3>\n\t\t\t\t<div class=\"elementor-post__excerpt\">\n\t\t\t<p>Weltklasse True 3D Inspektionstechnologie f\u00fcr hybride Kontrollaufgaben<\/p>\n\t\t<\/div>\n\t\t\t\t\t<div class=\"elementor-post__read-more-wrapper\">\n\t\t\n\t\t<a class=\"elementor-post__read-more\" href=\"https:\/\/kohyoung.com\/ge\/final-optical-inspection-technology\/\" aria-label=\"Read more about Optische Schlusspr\u00fcfung\" tabindex=\"-1\" >\n\t\t\tRead More \u00bb\t\t<\/a>\n\n\t\t\t\t\t<\/div>\n\t\t\t\t<\/div>\n\t\t\t\t\t<\/div>\n\t\t<\/article>\n\t\t\t\t<article class=\"elementor-post elementor-grid-item post-1335 post type-post status-publish format-standard has-post-thumbnail hentry category-industrial-tehnology\">\n\t\t\t<div class=\"elementor-post__card\">\n\t\t\t\t<a class=\"elementor-post__thumbnail__link\" href=\"https:\/\/kohyoung.com\/ge\/smart-factory-solutions-technology\/\" tabindex=\"-1\" ><div class=\"elementor-post__thumbnail\"><img loading=\"lazy\" decoding=\"async\" width=\"1\" height=\"1\" src=\"https:\/\/d19m5rauv1cd5h.cloudfront.net\/wp-content\/uploads\/2022\/09\/05180826\/Technology_Smart-Factory-Solution-%E1%84%87%E1%85%A9%E1%86%A8%E1%84%89%E1%85%A1-300x169.jpg\" class=\"attachment-medium size-medium wp-image-12009\" alt=\"\" \/><\/div><\/a>\n\t\t\t\t<div class=\"elementor-post__text\">\n\t\t\t\t<h3 class=\"elementor-post__title\">\n\t\t\t<a href=\"https:\/\/kohyoung.com\/ge\/smart-factory-solutions-technology\/\" >\n\t\t\t\tSmart Factory L\u00f6sungen\t\t\t<\/a>\n\t\t<\/h3>\n\t\t\t\t<div class=\"elementor-post__excerpt\">\n\t\t\t<p>KI-gest\u00fctzte L\u00f6sungen zur automatischen Prozesssteuerung und Prozessoptimierung f\u00fcr die Smart Factory<\/p>\n\t\t<\/div>\n\t\t\t\t\t<div class=\"elementor-post__read-more-wrapper\">\n\t\t\n\t\t<a class=\"elementor-post__read-more\" href=\"https:\/\/kohyoung.com\/ge\/smart-factory-solutions-technology\/\" aria-label=\"Read more about Smart Factory L\u00f6sungen\" tabindex=\"-1\" >\n\t\t\tRead More \u00bb\t\t<\/a>\n\n\t\t\t\t\t<\/div>\n\t\t\t\t<\/div>\n\t\t\t\t\t<\/div>\n\t\t<\/article>\n\t\t\t\t<\/div>\n\t\t\n\t\t\t\t<\/div>\n\t\t\t\t<\/div>\n\t\t\t\t\t<\/div>\n\t\t<\/div>\n\t\t\t\t\t<\/div>\n\t\t<\/section>\n\t\t\t\t<section class=\"elementor-section elementor-top-section elementor-element elementor-element-a88de5d elementor-section-boxed elementor-section-height-default elementor-section-height-default\" data-id=\"a88de5d\" data-element_type=\"section\">\n\t\t\t\t\t\t<div class=\"elementor-container elementor-column-gap-default\">\n\t\t\t\t\t<div class=\"elementor-column elementor-col-100 elementor-top-column elementor-element elementor-element-0a6a39f\" data-id=\"0a6a39f\" data-element_type=\"column\">\n\t\t\t<div class=\"elementor-widget-wrap elementor-element-populated\">\n\t\t\t\t\t\t<div class=\"elementor-element elementor-element-eb3a769 elementor-widget elementor-widget-spacer\" data-id=\"eb3a769\" data-element_type=\"widget\" data-widget_type=\"spacer.default\">\n\t\t\t\t<div class=\"elementor-widget-container\">\n\t\t\t\t\t<div class=\"elementor-spacer\">\n\t\t\t<div class=\"elementor-spacer-inner\"><\/div>\n\t\t<\/div>\n\t\t\t\t<\/div>\n\t\t\t\t<\/div>\n\t\t\t\t\t<\/div>\n\t\t<\/div>\n\t\t\t\t\t<\/div>\n\t\t<\/section>\n\t\t\t\t<\/div>\n\t\t","protected":false},"excerpt":{"rendered":"<p>Technologie Koh Young\u2019s world-leading technologies Industrielle Technologie<\/p>\n","protected":false},"author":1,"featured_media":0,"parent":0,"menu_order":0,"comment_status":"closed","ping_status":"closed","template":"","meta":{"footnotes":"","_links_to":"","_links_to_target":""},"class_list":["post-1734","page","type-page","status-publish","hentry"],"_links":{"self":[{"href":"https:\/\/kohyoung.com\/ge\/wp-json\/wp\/v2\/pages\/1734","targetHints":{"allow":["GET"]}}],"collection":[{"href":"https:\/\/kohyoung.com\/ge\/wp-json\/wp\/v2\/pages"}],"about":[{"href":"https:\/\/kohyoung.com\/ge\/wp-json\/wp\/v2\/types\/page"}],"author":[{"embeddable":true,"href":"https:\/\/kohyoung.com\/ge\/wp-json\/wp\/v2\/users\/1"}],"replies":[{"embeddable":true,"href":"https:\/\/kohyoung.com\/ge\/wp-json\/wp\/v2\/comments?post=1734"}],"version-history":[{"count":14,"href":"https:\/\/kohyoung.com\/ge\/wp-json\/wp\/v2\/pages\/1734\/revisions"}],"predecessor-version":[{"id":15502,"href":"https:\/\/kohyoung.com\/ge\/wp-json\/wp\/v2\/pages\/1734\/revisions\/15502"}],"wp:attachment":[{"href":"https:\/\/kohyoung.com\/ge\/wp-json\/wp\/v2\/media?parent=1734"}],"curies":[{"name":"wp","href":"https:\/\/api.w.org\/{rel}","templated":true}]}}