{"id":14448,"date":"2022-09-27T17:34:54","date_gmt":"2022-09-27T08:34:54","guid":{"rendered":"https:\/\/kohyoung2022.cafe24.com\/ge\/?page_id=14448"},"modified":"2022-09-27T17:39:42","modified_gmt":"2022-09-27T08:39:42","slug":"cookie-policy","status":"publish","type":"page","link":"https:\/\/kohyoung.com\/ge\/cookie-policy\/","title":{"rendered":"Cookie Policy"},"content":{"rendered":"\t\t<div data-elementor-type=\"wp-page\" data-elementor-id=\"14448\" class=\"elementor elementor-14448\" data-elementor-post-type=\"page\">\n\t\t\t\t\t\t<section class=\"elementor-section elementor-top-section elementor-element elementor-element-3fc3d5a elementor-section-boxed elementor-section-height-default elementor-section-height-default\" data-id=\"3fc3d5a\" data-element_type=\"section\">\n\t\t\t\t\t\t<div class=\"elementor-container elementor-column-gap-default\">\n\t\t\t\t\t<div class=\"elementor-column elementor-col-100 elementor-top-column elementor-element elementor-element-40abfe19\" data-id=\"40abfe19\" data-element_type=\"column\">\n\t\t\t<div class=\"elementor-widget-wrap elementor-element-populated\">\n\t\t\t\t\t\t<div class=\"elementor-element elementor-element-7afac76b elementor-widget elementor-widget-text-editor\" data-id=\"7afac76b\" data-element_type=\"widget\" data-widget_type=\"text-editor.default\">\n\t\t\t\t<div class=\"elementor-widget-container\">\n\t\t\t\t\t\t\t<div class=\"cli_pg_page_contaner\">\n<h3>About this cookie policy.<\/h3>\n<div>Diese Cookie-Richtlinie erkl\u00e4rt, was Cookies sind und wie wir sie verwenden, welche Arten von Cookies wir verwenden, welche Informationen wir mit Hilfe von Cookies sammeln und wie diese Informationen verwendet werden, und wie Sie die Cookie-Einstellungen steuern k\u00f6nnen. Weitere Informationen dar\u00fcber, wie wir Ihre pers\u00f6nlichen Daten verwenden, speichern und sicher aufbewahren, finden Sie in unserer Datenschutzrichtlinie.Sie k\u00f6nnen Ihre Zustimmung zur Cookie-Erkl\u00e4rung jederzeit auf unserer Website \u00e4ndern oder widerrufen.Weitere Informationen dar\u00fcber, wer wir sind, wie Sie uns kontaktieren k\u00f6nnen und wie wir personenbezogene Daten verarbeiten, finden Sie in unserer Datenschutzrichtlinie.<\/div>\n<div><br><\/div>\n<div>Your consent applies to the following domains: kohyoung.com\/ge[user_consent_state]<\/div>\n<h3>What are cookies ?<\/h3>\n<div>Cookies are small text files that are used to store small pieces of information. The cookies are stored on your device when the website is loaded on your browser. These cookies help us make the website function properly, make the website more secure, provide better user experience, and understand how the website performs and to analyze what works and where it needs improvement.<\/div>\n<h3>How do we use cookies ?<\/h3>\n<div>\n<p>As most of the online services, our website uses cookies first-party and third-party cookies for a number of purposes. The first-party cookies are mostly necessary for the website to function the right way, and they do not collect any of your personally identifiable data.<\/p>\n<p>The third-party cookies used on our websites are used mainly for understanding how the website performs, how you interact with our website, keeping our services secure, providing advertisements that are relevant to you, and all in all providing you with a better and improved user experience and help speed up your future interactions with our website.<\/p>\n<\/div>\n<h3>What types of cookies do we use ?<\/h3>\n<div>The cookies used on our website are grouped into the following categories.<br>[cookie_category]<br>The below list details the cookies used in our website.<br>[cookie_audit_category columns=&#8221;cookie,description&#8221;]<\/div>\n<h3>How can I control the cookie preferences ?<\/h3>\n<div>\n<p>You can manage your cookies preferences by clicking on the &#8220;Settings&#8221; button and enabling or disabling the cookie categories on the popup according to your preferences.<\/p>\n<p>Should you decide to change your preferences later through your browsing session, you can click on the &#8220;Privacy &amp; Cookie Policy&#8221; tab on your screen. This will display the consent notice again enabling you to change your preferences or withdraw your consent entirely.<\/p>\n<p>In addition to this, different browsers provide different methods to block and delete cookies used by websites. You can change the settings of your browser to block\/delete the cookies. To find out more out more on how to manage and delete cookies, visit wikipedia.org, www.allaboutcookies.org.<\/p>\n<\/div>\n<p><br><\/p>\n<\/div>\t\t\t\t\t\t<\/div>\n\t\t\t\t<\/div>\n\t\t\t\t\t<\/div>\n\t\t<\/div>\n\t\t\t\t\t<\/div>\n\t\t<\/section>\n\t\t\t\t<\/div>\n\t\t","protected":false},"excerpt":{"rendered":"<p>About this cookie policy. Diese Cookie-Richtlinie erkl\u00e4rt, was Cookies sind und wie wir sie verwenden, welche Arten von Cookies wir verwenden, welche Informationen wir mit Hilfe von Cookies sammeln und wie diese Informationen verwendet werden, und wie Sie die Cookie-Einstellungen steuern k\u00f6nnen. Weitere Informationen dar\u00fcber, wie wir Ihre pers\u00f6nlichen Daten verwenden, speichern und sicher aufbewahren, [&hellip;]<\/p>\n","protected":false},"author":1,"featured_media":0,"parent":0,"menu_order":0,"comment_status":"closed","ping_status":"closed","template":"","meta":{"footnotes":"","_links_to":"","_links_to_target":""},"class_list":["post-14448","page","type-page","status-publish","hentry"],"_links":{"self":[{"href":"https:\/\/kohyoung.com\/ge\/wp-json\/wp\/v2\/pages\/14448","targetHints":{"allow":["GET"]}}],"collection":[{"href":"https:\/\/kohyoung.com\/ge\/wp-json\/wp\/v2\/pages"}],"about":[{"href":"https:\/\/kohyoung.com\/ge\/wp-json\/wp\/v2\/types\/page"}],"author":[{"embeddable":true,"href":"https:\/\/kohyoung.com\/ge\/wp-json\/wp\/v2\/users\/1"}],"replies":[{"embeddable":true,"href":"https:\/\/kohyoung.com\/ge\/wp-json\/wp\/v2\/comments?post=14448"}],"version-history":[{"count":10,"href":"https:\/\/kohyoung.com\/ge\/wp-json\/wp\/v2\/pages\/14448\/revisions"}],"predecessor-version":[{"id":14459,"href":"https:\/\/kohyoung.com\/ge\/wp-json\/wp\/v2\/pages\/14448\/revisions\/14459"}],"wp:attachment":[{"href":"https:\/\/kohyoung.com\/ge\/wp-json\/wp\/v2\/media?parent=14448"}],"curies":[{"name":"wp","href":"https:\/\/api.w.org\/{rel}","templated":true}]}}